{"id":559,"date":"2026-04-20T17:17:21","date_gmt":"2026-04-20T15:17:21","guid":{"rendered":"https:\/\/cheminhormonal.fr\/?page_id=559"},"modified":"2026-04-20T17:17:21","modified_gmt":"2026-04-20T15:17:21","slug":"mentions-legales","status":"publish","type":"page","link":"https:\/\/cheminhormonal.fr\/index.php\/mentions-legales\/","title":{"rendered":"Mentions l\u00e9gales"},"content":{"rendered":"\n<div style=\"background:#f9f9f9;border:1px solid #ddd;border-radius:8px;padding:25px 30px;margin:20px 0;\">\n  <h2 style=\"text-align:center;font-weight:bold;margin-bottom:20px;\">Mentions l\u00e9gales<\/h2>\n  <ul style=\"color:#333;line-height:2;padding-left:20px;\">\n    <li><strong>Nom :<\/strong> Chemali<\/li>\n    <li><strong>Pr\u00e9nom :<\/strong> Tassadit<\/li>\n    <li><strong>Adresse :<\/strong> 18 Rue d&#8217;Allonne, 60000 Beauvais<\/li>\n    <li><strong>Email professionnel :<\/strong> TCA.Naturopathe@outlook.fr<\/li>\n    <li><strong>T\u00e9l\u00e9phone :<\/strong> 06 85 29 58 73<\/li>\n    <li><strong>Code APE :<\/strong> 96.09Z<\/li>\n    <li><strong>SIREN :<\/strong> 943 254 045<\/li>\n    <li><strong>SIRET :<\/strong> 943 254 045 00017<\/li>\n    <li><strong>Nom du domaine :<\/strong> Chemin Hormonal<\/li>\n    <li><strong>Forme juridique :<\/strong> Micro-entreprise (Entreprise Individuelle \/ EI)<\/li>\n    <li><strong>H\u00e9bergeur :<\/strong> <em>(\u00e0 compl\u00e9ter avec le nom de ton h\u00e9bergeur WordPress)<\/em><\/li>\n  <\/ul>\n<\/div>\n","protected":false},"excerpt":{"rendered":"<p>Mentions l\u00e9gales Nom : Chemali Pr\u00e9nom : Tassadit Adresse : 18 Rue d&#8217;Allonne, 60000 Beauvais Email professionnel : TCA.Naturopathe@outlook.fr T\u00e9l\u00e9phone : 06 85 29 58 73 Code APE : 96.09Z SIREN : 943 254 045 SIRET : 943 254 045 00017 Nom du domaine : Chemin Hormonal Forme juridique : Micro-entreprise (Entreprise Individuelle \/ EI) [&hellip;]<\/p>\n","protected":false},"author":1,"featured_media":0,"parent":0,"menu_order":0,"comment_status":"closed","ping_status":"closed","template":"","meta":{"footnotes":""},"class_list":["post-559","page","type-page","status-publish","hentry"],"_links":{"self":[{"href":"https:\/\/cheminhormonal.fr\/index.php\/wp-json\/wp\/v2\/pages\/559","targetHints":{"allow":["GET"]}}],"collection":[{"href":"https:\/\/cheminhormonal.fr\/index.php\/wp-json\/wp\/v2\/pages"}],"about":[{"href":"https:\/\/cheminhormonal.fr\/index.php\/wp-json\/wp\/v2\/types\/page"}],"author":[{"embeddable":true,"href":"https:\/\/cheminhormonal.fr\/index.php\/wp-json\/wp\/v2\/users\/1"}],"replies":[{"embeddable":true,"href":"https:\/\/cheminhormonal.fr\/index.php\/wp-json\/wp\/v2\/comments?post=559"}],"version-history":[{"count":1,"href":"https:\/\/cheminhormonal.fr\/index.php\/wp-json\/wp\/v2\/pages\/559\/revisions"}],"predecessor-version":[{"id":560,"href":"https:\/\/cheminhormonal.fr\/index.php\/wp-json\/wp\/v2\/pages\/559\/revisions\/560"}],"wp:attachment":[{"href":"https:\/\/cheminhormonal.fr\/index.php\/wp-json\/wp\/v2\/media?parent=559"}],"curies":[{"name":"wp","href":"https:\/\/api.w.org\/{rel}","templated":true}]}}