{"id":58,"date":"2025-08-29T16:46:52","date_gmt":"2025-08-29T14:46:52","guid":{"rendered":"https:\/\/cheminhormonal.fr\/?page_id=58"},"modified":"2025-11-26T15:33:47","modified_gmt":"2025-11-26T14:33:47","slug":"themes","status":"publish","type":"page","link":"https:\/\/cheminhormonal.fr\/index.php\/themes\/","title":{"rendered":"Mes Articles"},"content":{"rendered":"\n<h1 class=\"wp-block-heading\"><strong>\ud83c\udf3f Parcours les grands axes<\/strong><\/h1>\n\n\n\n<p>Bienvenue sur mon espace d\u2019articles, o\u00f9 chaque th\u00e8me est pens\u00e9 pour vous aider \u00e0 mieux comprendre votre corps, votre sant\u00e9 hormonale, et les leviers naturels pour retrouver l\u2019\u00e9quilibre.<\/p>\n\n\n\n<hr class=\"wp-block-separator has-alpha-channel-opacity\"\/>\n\n\n\n<h2 class=\"wp-block-heading\"><strong>\ud83e\udd66\u00a0<\/strong> <a href=\"https:\/\/cheminhormonal.fr\/index.php\/category\/nutrition-fonctionnelle\/\"><strong>Nutrition Fonctionnelle<\/strong><\/a><\/h2>\n\n\n\n<p>D\u00e9couvrez comment l\u2019alimentation peut agir comme une m\u00e9decine douce et cibl\u00e9e, en lien avec vos besoins hormonaux, digestifs et \u00e9motionnels.<\/p>\n\n\n\n<hr class=\"wp-block-separator has-alpha-channel-opacity\"\/>\n\n\n\n<h2 class=\"wp-block-heading\"><strong>\ud83d\udc97\u00a0<\/strong> <a href=\"https:\/\/cheminhormonal.fr\/index.php\/category\/fertilite-feminine\/\"><strong>Fertilit\u00e9 F\u00e9minine<\/strong><\/a><\/h2>\n\n\n\n<p>Un espace d\u00e9di\u00e9 \u00e0 celles qui souhaitent comprendre leur fertilit\u00e9, la soutenir naturellement, ou se pr\u00e9parer \u00e0 la conception, y compris dans un parcours PMA.<\/p>\n\n\n\n<hr class=\"wp-block-separator has-alpha-channel-opacity\"\/>\n\n\n\n<h2 class=\"wp-block-heading\"><strong>\ud83d\udd04\u00a0<\/strong> <a href=\"https:\/\/cheminhormonal.fr\/index.php\/category\/sante-hormonale\/\"><strong>Sant\u00e9 Hormonale<\/strong><\/a><\/h2>\n\n\n\n<p>Tout sur l\u2019\u00e9quilibre hormonal, le cycle menstruel, les troubles associ\u00e9s (SOPK, endom\u00e9triose\u2026), et les solutions naturelles.<\/p>\n\n\n\n<hr class=\"wp-block-separator has-alpha-channel-opacity\"\/>\n\n\n\n<h2 class=\"wp-block-heading\"><strong>\ud83c\udf31\u00a0<\/strong> <a href=\"https:\/\/cheminhormonal.fr\/index.php\/category\/naturopathie-accompagnement\/\"><strong>Naturopathie &amp; Accompagnement<\/strong><\/a><\/h2>\n\n\n\n<p>Ma vision de l\u2019accompagnement : globale, bienveillante, individualis\u00e9e. Je vous y partage mes outils, mes valeurs, et mon approche de la naturopathie fonctionnelle.<\/p>\n","protected":false},"excerpt":{"rendered":"<p>\ud83c\udf3f Parcours les grands axes Bienvenue sur mon espace d\u2019articles, o\u00f9 chaque th\u00e8me est pens\u00e9 pour vous aider \u00e0 mieux comprendre votre corps, votre sant\u00e9 hormonale, et les leviers naturels pour retrouver l\u2019\u00e9quilibre. \ud83e\udd66\u00a0 Nutrition Fonctionnelle D\u00e9couvrez comment l\u2019alimentation peut agir comme une m\u00e9decine douce et cibl\u00e9e, en lien avec vos besoins hormonaux, digestifs et [&hellip;]<\/p>\n","protected":false},"author":1,"featured_media":0,"parent":0,"menu_order":0,"comment_status":"closed","ping_status":"closed","template":"","meta":{"footnotes":""},"class_list":["post-58","page","type-page","status-publish","hentry"],"_links":{"self":[{"href":"https:\/\/cheminhormonal.fr\/index.php\/wp-json\/wp\/v2\/pages\/58","targetHints":{"allow":["GET"]}}],"collection":[{"href":"https:\/\/cheminhormonal.fr\/index.php\/wp-json\/wp\/v2\/pages"}],"about":[{"href":"https:\/\/cheminhormonal.fr\/index.php\/wp-json\/wp\/v2\/types\/page"}],"author":[{"embeddable":true,"href":"https:\/\/cheminhormonal.fr\/index.php\/wp-json\/wp\/v2\/users\/1"}],"replies":[{"embeddable":true,"href":"https:\/\/cheminhormonal.fr\/index.php\/wp-json\/wp\/v2\/comments?post=58"}],"version-history":[{"count":10,"href":"https:\/\/cheminhormonal.fr\/index.php\/wp-json\/wp\/v2\/pages\/58\/revisions"}],"predecessor-version":[{"id":247,"href":"https:\/\/cheminhormonal.fr\/index.php\/wp-json\/wp\/v2\/pages\/58\/revisions\/247"}],"wp:attachment":[{"href":"https:\/\/cheminhormonal.fr\/index.php\/wp-json\/wp\/v2\/media?parent=58"}],"curies":[{"name":"wp","href":"https:\/\/api.w.org\/{rel}","templated":true}]}}