{"id":60,"date":"2025-08-29T16:47:02","date_gmt":"2025-08-29T14:47:02","guid":{"rendered":"https:\/\/cheminhormonal.fr\/?page_id=60"},"modified":"2025-11-26T15:58:33","modified_gmt":"2025-11-26T14:58:33","slug":"temoignages","status":"publish","type":"page","link":"https:\/\/cheminhormonal.fr\/index.php\/temoignages\/","title":{"rendered":"\ud83d\udcac T\u00e9moignages"},"content":{"rendered":"\n<h3 class=\"wp-block-heading\"><strong>T\u00e9moignages \u2014 Grossesse et Nutrition Fonctionnelle<\/strong><\/h3>\n\n\n\n<blockquote class=\"wp-block-quote has-black-color has-text-color has-link-color wp-elements-edd9496c563f51537ce39ed19df275e0 is-layout-flow wp-block-quote-is-layout-flow\">\n<p><em>\u00ab J\u2019ai adapt\u00e9 pendant ma grossesse une alimentation selon les principes de la nutrition fonctionnelle. J\u2019ai ressenti un v\u00e9ritable changement : j\u2019ai mieux v\u00e9cu ma grossesse, avec moins de fatigue. \u00bb<\/em><\/p>\n<\/blockquote>\n\n\n\n<blockquote class=\"wp-block-quote has-black-color has-text-color has-link-color wp-elements-e93dc5fd6ef615895c214806590dd375 is-layout-flow wp-block-quote-is-layout-flow\">\n<p><em>\u00ab Gr\u00e2ce \u00e0 une approche bas\u00e9e sur l\u2019\u00e9quilibre des nutriments et l\u2019\u00e9limination de certains aliments inflammatoires, j\u2019ai \u00e9vit\u00e9 les d\u00e9sagr\u00e9ments digestifs et les fringales incontr\u00f4l\u00e9es. Mon b\u00e9b\u00e9 est n\u00e9 en pleine sant\u00e9 et je me sens bien dans mon corps apr\u00e8s l\u2019accouchement. \u00bb<\/em><\/p>\n<\/blockquote>\n\n\n\n<hr class=\"wp-block-separator has-alpha-channel-opacity\"\/>\n\n\n\n<h3 class=\"wp-block-heading\"><strong>T\u00e9moignages \u2014 D\u00e9sir de Grossesse et Nutrition Fonctionnelle<\/strong><\/h3>\n\n\n\n<blockquote class=\"wp-block-quote is-layout-flow wp-block-quote-is-layout-flow\">\n<p class=\"has-black-color has-text-color has-link-color wp-elements-ca28e7d2cf530008d51b17076e358d2e\"><em>\u00ab Apr\u00e8s plusieurs mois de difficult\u00e9s \u00e0 concevoir, j\u2019ai d\u00e9cid\u00e9 de revoir mon alimentation. J\u2019ai \u00e9limin\u00e9 les aliments inflammatoires et int\u00e9gr\u00e9 davantage d\u2019antioxydants et d\u2019om\u00e9ga-3. Trois mois plus tard, j\u2019ai eu la merveilleuse nouvelle d\u2019une grossesse ! Je suis convaincue que la nutrition a jou\u00e9 un r\u00f4le cl\u00e9. \u00bb<\/em><\/p>\n<\/blockquote>\n\n\n\n<blockquote class=\"wp-block-quote is-layout-flow wp-block-quote-is-layout-flow\">\n<p class=\"has-black-color has-text-color has-link-color wp-elements-7342fbe48207bbc76d1b5bfaca313ca8\"><em>\u00ab La nutrition fonctionnelle m\u2019a aid\u00e9e \u00e0 \u00e9quilibrer mes hormones et \u00e0 am\u00e9liorer mon bien-\u00eatre g\u00e9n\u00e9ral. Je me sentais plus \u00e9nergique et moins stress\u00e9e, ce qui, selon mon m\u00e9decin, a pu favoriser la conception. Aujourd\u2019hui, je suis enceinte et reconnaissante d\u2019avoir chang\u00e9 mes habitudes alimentaires. \u00bb<\/em><\/p>\n<\/blockquote>\n\n\n\n<hr class=\"wp-block-separator has-alpha-channel-opacity\"\/>\n\n\n\n<h3 class=\"wp-block-heading\"><strong>T\u00e9moignages \u2014 Hypothyro\u00efdie, Grossesse et Nutrition Fonctionnelle<\/strong><\/h3>\n\n\n\n<blockquote class=\"wp-block-quote is-layout-flow wp-block-quote-is-layout-flow\">\n<p class=\"has-black-color has-text-color has-link-color wp-elements-fba41f86964fbffb6ed3bd34f4f5b665\"><em>\u00ab J\u2019ai souffert d\u2019hypothyro\u00efdie pendant des ann\u00e9es et ma grossesse m\u2019inqui\u00e9tait. J\u2019ai int\u00e9gr\u00e9 une alimentation riche en nutriments essentiels comme le s\u00e9l\u00e9nium et l\u2019iode, tout en \u00e9vitant les aliments pouvant perturber ma thyro\u00efde. Avec un suivi m\u00e9dical et ces ajustements alimentaires, j\u2019ai v\u00e9cu une grossesse sereine. \u00bb<\/em><\/p>\n<\/blockquote>\n\n\n\n<blockquote class=\"wp-block-quote is-layout-flow wp-block-quote-is-layout-flow\">\n<p class=\"has-black-color has-text-color has-link-color wp-elements-54aa43ca4b25e22277a6a549c91b8ce4\"><em>\u00ab Avant ma grossesse, j\u2019avais souvent des fluctuations de fatigue et d\u2019\u00e9nergie li\u00e9es \u00e0 mon hypothyro\u00efdie. J\u2019ai suivi une approche nutritionnelle en renfor\u00e7ant mon apport en zinc, s\u00e9l\u00e9nium et om\u00e9ga-3, tout en \u00e9vitant le gluten. Cela a vraiment aid\u00e9 \u00e0 stabiliser mes sympt\u00f4mes et \u00e0 mieux vivre ma grossesse. \u00bb<\/em><\/p>\n<\/blockquote>\n\n\n\n<blockquote class=\"wp-block-quote is-layout-flow wp-block-quote-is-layout-flow\">\n<p class=\"has-black-color has-text-color has-link-color wp-elements-fb0f70b720b680b50dffc9ab2f418556\"><em>\u00ab Avec mon hypothyro\u00efdie, j\u2019avais peur des complications pendant la grossesse. J\u2019ai am\u00e9lior\u00e9 mon alimentation et \u00e9vit\u00e9 les aliments perturbateurs de la thyro\u00efde, comme certains crucif\u00e8res. Cette approche, combin\u00e9e \u00e0 mon traitement, m\u2019a permis de me sentir bien tout au long des neuf mois. \u00bb<\/em><\/p>\n<\/blockquote>\n","protected":false},"excerpt":{"rendered":"<p>T\u00e9moignages \u2014 Grossesse et Nutrition Fonctionnelle \u00ab J\u2019ai adapt\u00e9 pendant ma grossesse une alimentation selon les principes de la nutrition fonctionnelle. J\u2019ai ressenti un v\u00e9ritable changement : j\u2019ai mieux v\u00e9cu ma grossesse, avec moins de fatigue. \u00bb \u00ab Gr\u00e2ce \u00e0 une approche bas\u00e9e sur l\u2019\u00e9quilibre des nutriments et l\u2019\u00e9limination de certains aliments inflammatoires, j\u2019ai \u00e9vit\u00e9 [&hellip;]<\/p>\n","protected":false},"author":1,"featured_media":0,"parent":0,"menu_order":0,"comment_status":"closed","ping_status":"closed","template":"","meta":{"footnotes":""},"class_list":["post-60","page","type-page","status-publish","hentry"],"_links":{"self":[{"href":"https:\/\/cheminhormonal.fr\/index.php\/wp-json\/wp\/v2\/pages\/60","targetHints":{"allow":["GET"]}}],"collection":[{"href":"https:\/\/cheminhormonal.fr\/index.php\/wp-json\/wp\/v2\/pages"}],"about":[{"href":"https:\/\/cheminhormonal.fr\/index.php\/wp-json\/wp\/v2\/types\/page"}],"author":[{"embeddable":true,"href":"https:\/\/cheminhormonal.fr\/index.php\/wp-json\/wp\/v2\/users\/1"}],"replies":[{"embeddable":true,"href":"https:\/\/cheminhormonal.fr\/index.php\/wp-json\/wp\/v2\/comments?post=60"}],"version-history":[{"count":4,"href":"https:\/\/cheminhormonal.fr\/index.php\/wp-json\/wp\/v2\/pages\/60\/revisions"}],"predecessor-version":[{"id":250,"href":"https:\/\/cheminhormonal.fr\/index.php\/wp-json\/wp\/v2\/pages\/60\/revisions\/250"}],"wp:attachment":[{"href":"https:\/\/cheminhormonal.fr\/index.php\/wp-json\/wp\/v2\/media?parent=60"}],"curies":[{"name":"wp","href":"https:\/\/api.w.org\/{rel}","templated":true}]}}